{"id":143,"date":"2024-01-07T13:48:37","date_gmt":"2024-01-07T13:48:37","guid":{"rendered":"https:\/\/kongocrew.pl\/?page_id=143"},"modified":"2024-04-09T08:20:41","modified_gmt":"2024-04-09T08:20:41","slug":"o-zespole","status":"publish","type":"page","link":"https:\/\/kongocrew.pl\/en\/o-zespole\/","title":{"rendered":"About us"},"content":{"rendered":"<div class=\"title-content-box\">\r\n        <div class=\"container\">\r\n            <div class=\"wrapper-1\">\r\n                <div class=\"title-1 title-1-1\">\r\n                    <h1>ABOUT KONGO<\/h1>\r\n                <\/div>\r\n            <\/div>\r\n        <\/div>\r\n    <\/div>\r\n\r\n\r\n\r\n\n\n\r\n\r\n<div class=\"main-content\">\r\n        <div class=\"container\">\r\n\r\n            <div class=\"wrapper-1\">\r\n\r\n                <div class=\"content-box-8\">\r\n                    <div class=\"row-box\">\r\n                        <div class=\"col-box\">\r\n                            <div class=\"title\">\r\n                                <h2>KONGO CREW is a team specialized in leadership, coordination, and management of plans for television shows, events, music, and advertising productions.<\/h2>\r\n                            <\/div>\r\n                            <figure><img loading=\"lazy\" decoding=\"async\" width=\"420\" height=\"297\" src=\"https:\/\/kongocrew.pl\/wp-content\/uploads\/2024\/01\/kanapa-kopia.webp\" class=\"dp-img-responsive\" alt=\"\" srcset=\"https:\/\/kongocrew.pl\/wp-content\/uploads\/2024\/01\/kanapa-kopia.webp 420w, https:\/\/kongocrew.pl\/wp-content\/uploads\/2024\/01\/kanapa-kopia-300x212.webp 300w\" sizes=\"(max-width: 420px) 100vw, 420px\" \/><\/figure>\r\n                        <\/div>\r\n                        <div class=\"col-box\">\r\n                            <div class=\"text\"><p>Nazywam si\u0119 \u0141ukasz Kongiel, a w\u0142a\u015bciwie powinienem przedstawi\u0107 si\u0119 jako <strong>KONGO<\/strong> &#8211; top pseudonim, kt\u00f3ry towarzyszy mi od lat w tej bran\u017cy, w kt\u00f3rej przeszed\u0142em \u015bcie\u017ck\u0119 kariery nie pomijaj\u0105c \u017cadnego ze szczebli. Z planem mia\u0142em do czynienia ju\u017c przed rozpocz\u0119ciem studi\u00f3w. Zafascynowany profesj\u0105 wybra\u0142em studia w tym kierunku i realizowa\u0142em drog\u0119 na przys\u0142owiowy \u201eszczyt\u201d na ka\u017cdym ze stanowisk &#8211; st\u0105d moje bogate, r\u00f3\u017cnorodne i ogromne do\u015bwiadczenie, a tak\u017ce znajomo\u015b\u0107 poszczeg\u00f3lnych proces\u00f3w w pracy na planach.Mam wi\u0119c przyjemno\u015b\u0107 przedstawi\u0107 si\u0119 jako prezes <strong>KONGO CREW<\/strong> ale przede wszystkim kierownik planu z ogromnym do\u015bwiadczeniem w bran\u017cy. Moim atutem niew\u0105tpliwie jest wykszta\u0142cenie. Sko\u0144czy\u0142em Wydzia\u0142 Organizacji Sztuki Filmowej PWSFTviT w \u0141odzi. Bardzo wcze\u015bnie rozpocz\u0105\u0142em karier\u0119 i mia\u0142em przyjemno\u015b\u0107 pracowa\u0107 przy r\u00f3\u017cnorodnych projektach, od produkcji seriali po organizacj\u0119 event\u00f3w i reklam. Ka\u017cde wyzwanie, kt\u00f3re napotykam, traktuj\u0119 jako szans\u0119 na doskonalenie si\u0119 i tworzenie niezapomnianych format\u00f3w. W mojej karierze zdoby\u0142em nie tylko umiej\u0119tno\u015bci kierowania planem i koordynacji, ale tak\u017ce wiedz\u0119 na temat ka\u017cdego etapu produkcji.<\/p>\n<p class=\" translation-block\">I cooperated with talented and respected people from the industry. After many years, I was inspired to create a team - KONGO CREW. Mentioning the people thanks to whom I am here today, I must introduce two important fi gures, both for KONGO CREW and personally for me, because years ago they were the ones from whom I drew knowledge and inspiration, and today we form a team - Marcin Sobolewski \"Sobol \u201d and Piotr Dziwulski \u201cGustaw\u201d.<\/p>\n<p class=\" translation-block\">I don't need to introduce them, because they are well-known names in the industry - these gentlemen have been working for their success since the late 1990s and are among the fi rst set managers in the television industry in our country. These are people who inspired me and now we create KONGO CREW together.\nAn excellent team of professionals works to provide a comprehensive service, simultaneously on several plans or events, and to ensure the care and reliability of the entrusted orders - that's US!\nAs president and set manager, my goal is to share experience and knowledge with other professionals and support projects that have the potential to turn into unforgettable spectacles. As a company, we have the pleasure of implementing new projects and taking up challenges - together with KONGO CREW, we have created a brand that is inextricably\nassociated with professionalism, knowledge, vast experience and, above all, the implementation of the most diffi cult - even impossible - projects.<\/p>\n<p>I am convinced that in the world of fi lm, television, series and event production, the key to success is professionalism, commitment and the ability to quickly respond to changing situations. My mission is to ensure that each project is completed with the highest quality and attention to detail.<\/p>\n<p><strong>KONGO CREW is a team for special tasks!\nWe hope you will fi nd inspiration and services that will meet your high expectations!<\/strong><\/p>\n<\/div>\r\n                        <\/div>\r\n                    <\/div>\r\n                <\/div>\r\n\r\n            <\/div>\r\n\r\n        <\/div>\r\n    <\/div>\r\n\r\n    <div class=\"content-box-9\">\r\n        <div class=\"container\">\r\n            <div class=\"wrapper-1\">\r\n\r\n                <div class=\"title-1 title-1-2\">\r\n                    <h2>I have been operating on the market since 2005<\/h2>\r\n                <\/div>\r\n\r\n            <\/div>\r\n        <\/div>\r\n    <\/div>\n\n\r\n\r\n\r\n    <div class=\"content-box-2\">\r\n        <div data-speed=\"100\" class=\"marquee\">\r\n            <ul>\r\n                <li><div class=\"txt txt-1\">PROFESSIONALISM<\/div><\/li>\r\n                <li><div class=\"txt\">EXPERIENCE<\/div><\/li>\r\n                <li><div class=\"txt txt-1\">ENGAGEMENT<\/div><\/li>\r\n                <li><div class=\"txt\">SUPPORT<\/div><\/li>\r\n            <\/ul>\r\n        <\/div>\r\n    <\/div>  \n\n\r\n\r\n    \r\n\r\n  \r\n\r\n    <div class=\"content-box-7\">\r\n        <figure><img loading=\"lazy\" decoding=\"async\" width=\"1920\" height=\"861\" src=\"https:\/\/kongocrew.pl\/wp-content\/uploads\/2024\/01\/team-kopia-kopia.webp\" class=\"dp-img-responsive\" alt=\"\" srcset=\"https:\/\/kongocrew.pl\/wp-content\/uploads\/2024\/01\/team-kopia-kopia.webp 1920w, https:\/\/kongocrew.pl\/wp-content\/uploads\/2024\/01\/team-kopia-kopia-300x135.webp 300w, https:\/\/kongocrew.pl\/wp-content\/uploads\/2024\/01\/team-kopia-kopia-1024x459.webp 1024w, https:\/\/kongocrew.pl\/wp-content\/uploads\/2024\/01\/team-kopia-kopia-768x344.webp 768w, https:\/\/kongocrew.pl\/wp-content\/uploads\/2024\/01\/team-kopia-kopia-1536x689.webp 1536w, https:\/\/kongocrew.pl\/wp-content\/uploads\/2024\/01\/team-kopia-kopia-480x215.webp 480w\" sizes=\"(max-width: 1920px) 100vw, 1920px\" \/><\/figure>\r\n    <\/div>","protected":false},"excerpt":{"rendered":"","protected":false},"author":1,"featured_media":0,"parent":0,"menu_order":0,"comment_status":"closed","ping_status":"closed","template":"","meta":{"_acf_changed":false,"footnotes":""},"acf":[],"_links":{"self":[{"href":"https:\/\/kongocrew.pl\/en\/wp-json\/wp\/v2\/pages\/143"}],"collection":[{"href":"https:\/\/kongocrew.pl\/en\/wp-json\/wp\/v2\/pages"}],"about":[{"href":"https:\/\/kongocrew.pl\/en\/wp-json\/wp\/v2\/types\/page"}],"author":[{"embeddable":true,"href":"https:\/\/kongocrew.pl\/en\/wp-json\/wp\/v2\/users\/1"}],"replies":[{"embeddable":true,"href":"https:\/\/kongocrew.pl\/en\/wp-json\/wp\/v2\/comments?post=143"}],"version-history":[{"count":5,"href":"https:\/\/kongocrew.pl\/en\/wp-json\/wp\/v2\/pages\/143\/revisions"}],"predecessor-version":[{"id":381,"href":"https:\/\/kongocrew.pl\/en\/wp-json\/wp\/v2\/pages\/143\/revisions\/381"}],"wp:attachment":[{"href":"https:\/\/kongocrew.pl\/en\/wp-json\/wp\/v2\/media?parent=143"}],"curies":[{"name":"wp","href":"https:\/\/api.w.org\/{rel}","templated":true}]}}