{"id":280,"date":"2024-01-07T17:21:05","date_gmt":"2024-01-07T17:21:05","guid":{"rendered":"https:\/\/kongocrew.pl\/?page_id=280"},"modified":"2024-04-09T08:24:29","modified_gmt":"2024-04-09T08:24:29","slug":"realizacje","status":"publish","type":"page","link":"https:\/\/kongocrew.pl\/en\/realizacje\/","title":{"rendered":"Our projects"},"content":{"rendered":"<div class=\"title-content-box\">\r\n        <div class=\"container\">\r\n            <div class=\"wrapper-1\">\r\n                <div class=\"title-1 title-1-1\">\r\n                    <h1>Our projects<\/h1>\r\n                <\/div>\r\n            <\/div>\r\n        <\/div>\r\n    <\/div>\r\n\r\n\r\n\r\n\n\n\r\n\r\n\r\n    <div class=\"main-content\">\r\n        <div class=\"container\">\r\n\r\n            <div class=\"wrapper-1\">\r\n\r\n                <div class=\"content-box-11\">\r\n                    <div class=\"text\">\r\n                        <h2>These are just a few of the productions we have completed in recent years:<\/h2>\n<p>&nbsp;<\/p>\n<h3>We have been working on projects organized by for many years<\/h3>\n<ul>\n<li>KPRP (Chancellery of the President of the Republic of Poland),<\/li>\n<li>Chancellery of the Prime Minister (Chancellery of the Prime Minister),<\/li>\n<li>PFM (Polish National Foundation)<\/li>\n<\/ul>\n<h2>EVENTS<\/h2>\n<ul>\n<li>Foundation Congress 590,<\/li>\n<li>Poland's entry into the EU - event series,<\/li>\n<li>EY Entrepreneur of the Year Gala - we participate in the event every year<\/li>\n<li>25 years of TVP Polonia,<\/li>\n<li>TVN and Polsat Foundation Balls,<\/li>\n<li>RED BULL XFIGHTERS,<\/li>\n<li>Dobra Team PZU with ambassador Iga \u015awiatek,<\/li>\n<li>Verva street racing \u2013 National Stadium,<\/li>\n<li>Adam's Bull's Eye 2011- Zakopane,<\/li>\n<li>Cabaret tournament of cities,<\/li>\n<li>Ball of Sports Champions<\/li>\n<\/ul>\n<h2>CONCERTS<\/h2>\n<ul>\n<li>Tina Turner,<\/li>\n<li>Michael Jackson,<\/li>\n<li>Metallica,<\/li>\n<li>Body Count,<\/li>\n<li>Pearl Jam,<\/li>\n<li>Faith No More,<\/li>\n<li>Korn,<\/li>\n<li>Biohazard,<\/li>\n<li>Soulfly,<\/li>\n<li>Brian May,<\/li>\n<li>Roger Waters,<\/li>\n<li>Alice Cooper,<\/li>\n<li>Jetro Tull,<\/li>\n<li>Nick Cave,<\/li>\n<li>Kult Unplugged,<\/li>\n<li>Edyta G\u00f3rniak,<\/li>\n<li>Open Air Festiwal,<\/li>\n<li>Orange Festiwal,<\/li>\n<li>T.Love,<\/li>\n<li>Ich Troje<\/li>\n<li>MTV Unpluged,<\/li>\n<li>MTV EMA,<\/li>\n<li>Orange Warsaw Festival,<\/li>\n<li>French touch la belle vie!,<\/li>\n<li>Foundation matches<\/li>\n<li>Great Orchestra of Christmas Charity \u2013 fi nal concerts<\/li>\n<\/ul>\n<h2>PROGRAMS<\/h2>\n<ul>\n<li>Big Brother,<\/li>\n<li>Jak \u0141yse Konie,<\/li>\n<li>Najsztub Pyta,<\/li>\n<li>Teraz My,<\/li>\n<li>Uwaga &#8211; fina\u0142y fundacji TVN,<\/li>\n<li>Kawa na \u0141aw\u0119,<\/li>\n<li>Dzie\u0144 Dobry TVN,<\/li>\n<li>Big Brother &amp; Big Brother Live,<\/li>\n<li>Miedzy kuchnia a salonem,<\/li>\n<li>Pascal Gotuje,<\/li>\n<li>Jestem jaki Jestem,<\/li>\n<li>Test na Inteligencje,<\/li>\n<li>Doradca smaku,<\/li>\n<li>Spoty Fundacyjne,<\/li>\n<li>Taniec z Gwiazdami,<\/li>\n<li>Milionerzy,<\/li>\n<li>Jak oni \u015apiewaj\u0105,<\/li>\n<li>Grasz czy nie grasz,<\/li>\n<li>Fabryka Gwiazd,<\/li>\n<li>Kabarety,<\/li>\n<li>Spoty wizerunkowe,<\/li>\n<li>S\u0119dzia Anna Maria Weso\u0142owska,<\/li>\n<li>S\u0105d Rodzinny,<\/li>\n<li>Gotuj o wszystko,<\/li>\n<li>Mamy Ci\u0119,<\/li>\n<li>Szymon Majewski Show,<\/li>\n<li>Szymon Majewski na \u017bywo,<\/li>\n<li>\u015awiat si\u0119 kr\u0119ci,<\/li>\n<li>Studio Polska,<\/li>\n<li>\u015apiewaj i Walcz,<\/li>\n<li>Poziom 2.0,<\/li>\n<li>Sekrety Rodzinne<\/li>\n<li>Jaka to Melodia -wersja ukrai\u0144ska,<\/li>\n<li>Bulwar Gwiazd,<\/li>\n<li>Ten Moment,<\/li>\n<li>Miasto Kobiet,<\/li>\n<li>Pani Gad\u017cet,<\/li>\n<li>Pani Gad\u017cet Erotycznie,<\/li>\n<li>Musisz To Mie\u0107,<\/li>\n<li>Nieoczywiste Miejsca,<\/li>\n<li>Skoki Narciarskie studio,<\/li>\n<li>Idol,<\/li>\n<li>Agent Tvn,<\/li>\n<li>Najlepszy z Najlepszych game show,<\/li>\n<li>Ciao Darwin,<\/li>\n<li>Dzieciaki z klas\u0105,<\/li>\n<li>Najgorszy Kucharz,<\/li>\n<li>Hole in the Wall,<\/li>\n<li>Tomasz lis Na \u017cywo,<\/li>\n<li>Gwiezdny Cyrk<\/li>\n<\/ul>\n<h2>FORMATS PRODUCED ABROAD<\/h2>\n<ul>\n<li>Who Wants to Be a Millionaire - Italian and Spanish version,<\/li>\n<li>Top Model - fashion weeks in Spain, Israel, Portugal, USA, Vietnam, Czech Republic, Turkey, Denmark and South Africa,<\/li>\n<li>You can Dance season 9 - Buenos Aires, Barcelona, Lisbon, Tel Aviv, Casablanca, Santa Cruz Tenerife,<\/li>\n<li>X Factor 4 m,<\/li>\n<li>Hotel Paradise \u2013 Zanzibar -Tanzania and Panama,<\/li>\n<li>Master Chef 2 - final in Morocco<\/li>\n<\/ul>\n<h2>MOVIES<\/h2>\n<ul>\n<li>Pitbull,<\/li>\n<li>Solidarno\u015b\u0107<\/li>\n<\/ul>\n<h2>TELEVISION SERIES<\/h2>\n<ul>\n<li>A\u017c po sufit,<\/li>\n<li>Uwik\u0142ani,<\/li>\n<li>Regu\u0142y gry,<\/li>\n<li>Wszyscy kochaj\u0105 Romana,<\/li>\n<li>Grzeszni i Bogaci,<\/li>\n<li>Hela w opa\u0142ach,<\/li>\n<li>Niania,<\/li>\n<li>Na wsp\u00f3lnej,<\/li>\n<li>Na dobre i na z\u0142e,<\/li>\n<li>PIT Bull,<\/li>\n<li>Emigranci<\/li>\n<\/ul>\n<h2>WEB PRODUCTIONS<\/h2>\n<ul>\n<li>Onet rano,<\/li>\n<li>Tomasz Lis.,<\/li>\n<li>Rezerwacja,<\/li>\n<li>Onet opinie<\/li>\n<\/ul>\n<h2>And many, many other formats...<\/h2>\n \r\n                    <\/div>\r\n                <\/div>\r\n\r\n            <\/div>\r\n\r\n        <\/div>\r\n    <\/div>","protected":false},"excerpt":{"rendered":"","protected":false},"author":1,"featured_media":0,"parent":0,"menu_order":0,"comment_status":"closed","ping_status":"closed","template":"","meta":{"_acf_changed":false,"footnotes":""},"acf":[],"_links":{"self":[{"href":"https:\/\/kongocrew.pl\/en\/wp-json\/wp\/v2\/pages\/280"}],"collection":[{"href":"https:\/\/kongocrew.pl\/en\/wp-json\/wp\/v2\/pages"}],"about":[{"href":"https:\/\/kongocrew.pl\/en\/wp-json\/wp\/v2\/types\/page"}],"author":[{"embeddable":true,"href":"https:\/\/kongocrew.pl\/en\/wp-json\/wp\/v2\/users\/1"}],"replies":[{"embeddable":true,"href":"https:\/\/kongocrew.pl\/en\/wp-json\/wp\/v2\/comments?post=280"}],"version-history":[{"count":1,"href":"https:\/\/kongocrew.pl\/en\/wp-json\/wp\/v2\/pages\/280\/revisions"}],"predecessor-version":[{"id":385,"href":"https:\/\/kongocrew.pl\/en\/wp-json\/wp\/v2\/pages\/280\/revisions\/385"}],"wp:attachment":[{"href":"https:\/\/kongocrew.pl\/en\/wp-json\/wp\/v2\/media?parent=280"}],"curies":[{"name":"wp","href":"https:\/\/api.w.org\/{rel}","templated":true}]}}