{"id":7,"date":"2024-01-07T13:17:51","date_gmt":"2024-01-07T13:17:51","guid":{"rendered":"https:\/\/kongocrew.pl\/?page_id=7"},"modified":"2024-01-12T14:03:15","modified_gmt":"2024-01-12T14:03:15","slug":"strona-glowna","status":"publish","type":"page","link":"https:\/\/kongocrew.pl\/en\/","title":{"rendered":"Strona g\u0142\u00f3wna"},"content":{"rendered":"<div class=\"content-box-1\">\r\n        <figure><img loading=\"lazy\" decoding=\"async\" width=\"1920\" height=\"804\" src=\"https:\/\/kongocrew.pl\/wp-content\/uploads\/2024\/01\/slajder-kopia.webp\" class=\"dp-img-responsive\" alt=\"Wielka scena ze \u015bwiat\u0142ami\" srcset=\"https:\/\/kongocrew.pl\/wp-content\/uploads\/2024\/01\/slajder-kopia.webp 1920w, https:\/\/kongocrew.pl\/wp-content\/uploads\/2024\/01\/slajder-kopia-300x126.webp 300w, https:\/\/kongocrew.pl\/wp-content\/uploads\/2024\/01\/slajder-kopia-1024x429.webp 1024w, https:\/\/kongocrew.pl\/wp-content\/uploads\/2024\/01\/slajder-kopia-768x322.webp 768w, https:\/\/kongocrew.pl\/wp-content\/uploads\/2024\/01\/slajder-kopia-1536x643.webp 1536w, https:\/\/kongocrew.pl\/wp-content\/uploads\/2024\/01\/slajder-kopia-480x201.webp 480w\" sizes=\"(max-width: 1920px) 100vw, 1920px\" \/><\/figure>\r\n        <div class=\"description\">\r\n            <div class=\"container\">\r\n                <div class=\"boxes-1\">\r\n                    <a href=\"https:\/\/kongocrew.pl\/en\/oferta\/\" class=\"box-1\">\r\n                        <div class=\"txt-1\">Plan leadership<\/div>\r\n                        <div class=\"btn-1\">more<\/div>\r\n                    <\/a>\r\n                    <a href=\"https:\/\/kongocrew.pl\/en\/oferta\/\" class=\"box-1\">\r\n                        <div class=\"txt-1 txt-1-1\">Plan management and coordination<\/div>\r\n                        <div class=\"btn-1\">more<\/div>\r\n                    <\/a>\r\n                    <a href=\"https:\/\/kongocrew.pl\/en\/oferta\/\" class=\"box-1\">\r\n                        <div class=\"txt-1\">Event support<\/div>\r\n                        <div class=\"btn-1\">more<\/div>\r\n                    <\/a>                                        \r\n                <\/div>\r\n            <\/div>\r\n        <\/div>\r\n    <\/div>\r\n\r\n\r\n\r\n\r\n\r\n\n\n\r\n\r\n\r\n    <div class=\"content-box-2\">\r\n        <div data-speed=\"100\" class=\"marquee\">\r\n            <ul>\r\n                <li><div class=\"txt txt-1\">PROFESSIONALISM<\/div><\/li>\r\n                <li><div class=\"txt\">EXPERIENCE<\/div><\/li>\r\n                <li><div class=\"txt txt-1\">ENGAGEMENT<\/div><\/li>\r\n                <li><div class=\"txt\">SUPPORT<\/div><\/li>\r\n            <\/ul>\r\n        <\/div>\r\n    <\/div>  \n\n\r\n\r\n\r\n\r\n    <div class=\"content-box-3 padding-1\">\r\n        <div class=\"container\">\r\n            <div class=\"content-box-3-1\">\r\n                <div class=\"description\">\r\n                    <a href=\"https:\/\/kongocrew.pl\/en\/realizacje\/\">\r\n                        <div class=\"title\">\r\n                            <h2>We offer services that, thanks to knowledge and experience, allow us to achieve the results expected by our clients.<\/h2>\r\n                        <\/div>\r\n                        <div class=\"text\">\r\n                            <p>KONGO CREW is a team specialized in leadership, coordination, and management of plans for television spectacles, events, music, and advertising productions. It's not just a job; it's our passion, backed by over 20 years of industry experience, knowledge, energy, and a desire to achieve excellence at every stage of our operations.<\/p>\n                        <\/div>\r\n                        <div class=\"button-box\">\r\n                            <div class=\"btn-1 btn-1-black\">More<\/div>\r\n                        <\/div>\r\n                    <\/a>\r\n                <\/div>\r\n                <figure><img loading=\"lazy\" decoding=\"async\" width=\"922\" height=\"694\" src=\"https:\/\/kongocrew.pl\/wp-content\/uploads\/2024\/01\/kamerka-kopia.webp\" class=\"dp-img-responsive\" alt=\"\" srcset=\"https:\/\/kongocrew.pl\/wp-content\/uploads\/2024\/01\/kamerka-kopia.webp 922w, https:\/\/kongocrew.pl\/wp-content\/uploads\/2024\/01\/kamerka-kopia-300x226.webp 300w, https:\/\/kongocrew.pl\/wp-content\/uploads\/2024\/01\/kamerka-kopia-768x578.webp 768w, https:\/\/kongocrew.pl\/wp-content\/uploads\/2024\/01\/kamerka-kopia-480x361.webp 480w\" sizes=\"(max-width: 922px) 100vw, 922px\" \/><\/figure>\r\n            <\/div>\r\n        <\/div>\r\n    <\/div>\r\n\r\n\r\n\n\n\r\n  \r\n\r\n\r\n<div class=\"content-box-4 padding-1\">\r\n        <div class=\"container\">\r\n\r\n            <div class=\"content-box-4-1 content-box-4-1-1 mb120\">\r\n                <div class=\"col-box col-box-1\">\r\n                    <div class=\"title-1 title-1-1\">\r\n                        <h2>Services at the highest level<\/h2>\r\n                    <\/div>\r\n                <\/div>\r\n                <div class=\"col-box col-box-2\">\r\n                    <div class=\"menu-1\">\r\n                        <ul>\n<li><a>Plan leaderships<\/a><\/li>\n<li><a>stage management<\/a><\/li>\n<li><a>II plan leaderships<\/a><\/li>\n<li><a>inspicjenci<\/a><\/li>\n<li><a>plan dispatcher<\/a><\/li>\n<li><a>plan management<\/a><\/li>\n<\/ul>\n                    <\/div>\r\n                <\/div>\r\n            <\/div>\r\n\r\n            <div class=\"content-box-4-2 mb120\">\r\n                <figure><img loading=\"lazy\" decoding=\"async\" width=\"1472\" height=\"764\" src=\"https:\/\/kongocrew.pl\/wp-content\/uploads\/2024\/01\/team-kopia.webp\" class=\"dp-img-responsive\" alt=\"Ludzie z zespo\u0142u Kongo Crew\" srcset=\"https:\/\/kongocrew.pl\/wp-content\/uploads\/2024\/01\/team-kopia.webp 1472w, https:\/\/kongocrew.pl\/wp-content\/uploads\/2024\/01\/team-kopia-300x156.webp 300w, https:\/\/kongocrew.pl\/wp-content\/uploads\/2024\/01\/team-kopia-1024x531.webp 1024w, https:\/\/kongocrew.pl\/wp-content\/uploads\/2024\/01\/team-kopia-768x399.webp 768w, https:\/\/kongocrew.pl\/wp-content\/uploads\/2024\/01\/team-kopia-480x249.webp 480w\" sizes=\"(max-width: 1472px) 100vw, 1472px\" \/><\/figure>\r\n            <\/div>\r\n\r\n            <div class=\"content-box-4-1 content-box-4-2\">\r\n                <div class=\"col-box col-box-1\">\r\n                    <a href=\"https:\/\/kongocrew.pl\/en\/specjalizujemy-sie\/\" class=\"box-3\">\r\n                        <div class=\"title-1\">\r\n                            <h2>RANGE OF SERVICES<\/h2>\r\n                        <\/div>\r\n                        <div class=\"text\">\r\n                            <p>Both live, in-studio, outdoors, and even in the clouds, our team has coordinated the largest music, film, television, theatrical, and event productions. We are aware of our capabilities, which is why we successfully execute the most challenging projects and manage events, both entertainment and public affairs.<\/p>\n                        <\/div>\r\n                        <div class=\"button-box\">\r\n                            <div class=\"btn-1 btn-1-hover\">MORE<\/div>\r\n                        <\/div>\r\n                    <\/a>\r\n                <\/div>\r\n                <div class=\"col-box col-box-2\">\r\n                    <div class=\"boxes-2\">\r\n\r\n\r\n\r\n\r\n\r\n                                    \r\n\r\n\r\n\r\n\r\n\r\n                    \r\n                        <a class=\"box-2\">\r\n                            <div class=\"txt-1\">01<\/div>\r\n                            <div class=\"txt-2\">Plan leadership<\/div>\r\n                        <\/a>\r\n\r\n\r\n\r\n\r\n\r\n                \r\n\r\n\r\n\r\n\r\n\r\n                    \r\n                        <a class=\"box-2\">\r\n                            <div class=\"txt-1\">02<\/div>\r\n                            <div class=\"txt-2\">Plan management and coordination<\/div>\r\n                        <\/a>\r\n\r\n\r\n\r\n\r\n\r\n                \r\n\r\n\r\n\r\n\r\n\r\n                    \r\n                        <a class=\"box-2\">\r\n                            <div class=\"txt-1\">03<\/div>\r\n                            <div class=\"txt-2\">Production of television shows<\/div>\r\n                        <\/a>\r\n\r\n\r\n\r\n\r\n\r\n                \r\n\r\n\r\n\r\n\r\n\r\n                    \r\n                        <a class=\"box-2\">\r\n                            <div class=\"txt-1\">04<\/div>\r\n                            <div class=\"txt-2\">Event support<\/div>\r\n                        <\/a>\r\n\r\n\r\n\r\n\r\n\r\n                \r\n\r\n\r\n\r\n\r\n\r\n                    \r\n                        <a class=\"box-2\">\r\n                            <div class=\"txt-1\">05<\/div>\r\n                            <div class=\"txt-2\">Production of sports and musical events<\/div>\r\n                        <\/a>\r\n\r\n\r\n\r\n\r\n\r\n                            \r\n\r\n                                                                                      \r\n                    <\/div>\r\n                <\/div>\r\n            <\/div>\r\n\r\n        <\/div>\r\n    <\/div>\r\n\r\n\r\n\r\n\r\n\r\n\r\n\r\n\r\n\r\n\r\n\r\n\r\n\r\n\r\n\r\n\n\n\r\n\r\n\r\n\r\n    <div class=\"content-box-5 padding-1 mb120\">\r\n        <div class=\"container\">\r\n            <figure><a href=\"https:\/\/kongocrew.pl\/en\/oferta\/\"><img loading=\"lazy\" decoding=\"async\" width=\"913\" height=\"694\" src=\"https:\/\/kongocrew.pl\/wp-content\/uploads\/2024\/01\/lukasz-zdjecie-kopia.webp\" class=\"dp-img-responsive\" alt=\"\u0141ukasz Kongiel - za\u0142o\u017cycie firmy Kongo Crew\" srcset=\"https:\/\/kongocrew.pl\/wp-content\/uploads\/2024\/01\/lukasz-zdjecie-kopia.webp 913w, https:\/\/kongocrew.pl\/wp-content\/uploads\/2024\/01\/lukasz-zdjecie-kopia-300x228.webp 300w, https:\/\/kongocrew.pl\/wp-content\/uploads\/2024\/01\/lukasz-zdjecie-kopia-768x584.webp 768w, https:\/\/kongocrew.pl\/wp-content\/uploads\/2024\/01\/lukasz-zdjecie-kopia-480x365.webp 480w\" sizes=\"(max-width: 913px) 100vw, 913px\" \/><\/a><\/figure>\r\n            <a href=\"https:\/\/kongocrew.pl\/en\/oferta\/\" class=\"box-3\">\r\n                <div class=\"title-1\">\r\n                    <h2>\u0141ukasz Kongiel<\/h2>\r\n                <\/div>\r\n                <div class=\"text\">\r\n                    <p class=\" translation-block\">My name is \u0141ukasz Kongiel, but I should really introduce myself as <strong>KONGO<\/strong>\u2014a nickname that has been with me for years in the industry, where I have climbed every rung of the career ladder. I was involved with set work even before starting my studies. Fascinated by the profession, I chose to study in this field and pursued the proverbial \u201cpeak\u201d at every position\u2014hence my rich, diverse experience and knowledge of the various processes involved in set work. I am therefore pleased to introduce myself as the president of KONGO CREW but above all as a floor manager.<\/p>\n                <\/div>\r\n                <div class=\"button-box\">\r\n                    <div class=\"btn-1\">MORE<\/div>\r\n                <\/div>\r\n            <\/a>\r\n        <\/div>\r\n    <\/div>\r\n\r\n\n\n\r\n\r\n\r\n    <div class=\"content-box-6 mb120\">\r\n        <div class=\"container\">\r\n            <div class=\"content-box-6-1 mb120\">\r\n                <div class=\"title-1\">\r\n                    <h2>OUR TEAM<\/h2>\r\n                <\/div>\r\n                <div class=\"title\">\r\n                    <h2><p>We successfully execute the most challenging projects and manage events, both entertainment and journalistic in nature.<\/p>\n<\/h2>\r\n                <\/div>\r\n            <\/div>\r\n\r\n            <div class=\"boxes-4 mb120\">\r\n                <div class=\"row-box\">\r\n\r\n\r\n\r\n\r\n                                                    \r\n\r\n                        <div class=\"col-box\">\r\n                            <a  class=\"box-4\">\r\n                                <figure><img loading=\"lazy\" decoding=\"async\" width=\"450\" height=\"543\" src=\"https:\/\/kongocrew.pl\/wp-content\/uploads\/2024\/01\/lukasz-kongiel-przy-kamerze-telewizyjnej.webp\" class=\"dp-img-responsive\" alt=\"\" srcset=\"https:\/\/kongocrew.pl\/wp-content\/uploads\/2024\/01\/lukasz-kongiel-przy-kamerze-telewizyjnej.webp 450w, https:\/\/kongocrew.pl\/wp-content\/uploads\/2024\/01\/lukasz-kongiel-przy-kamerze-telewizyjnej-249x300.webp 249w\" sizes=\"(max-width: 450px) 100vw, 450px\" \/><\/figure>\r\n                                <div class=\"description\">\r\n                                    <div class=\"name\">\u0141UKASZ<br>KONGIEL<br>&#8222;KONGO&#8221;<\/div>\r\n                                    <div class=\"txt\">OWNER<\/div>\r\n                                <\/div>\r\n                            <\/a>\r\n                        <\/div>\r\n\r\n\r\n\r\n                                    \r\n\r\n                        <div class=\"col-box\">\r\n                            <a  class=\"box-4\">\r\n                                <figure><img loading=\"lazy\" decoding=\"async\" width=\"450\" height=\"543\" src=\"https:\/\/kongocrew.pl\/wp-content\/uploads\/2024\/01\/sobol.webp\" class=\"dp-img-responsive\" alt=\"\" srcset=\"https:\/\/kongocrew.pl\/wp-content\/uploads\/2024\/01\/sobol.webp 450w, https:\/\/kongocrew.pl\/wp-content\/uploads\/2024\/01\/sobol-249x300.webp 249w\" sizes=\"(max-width: 450px) 100vw, 450px\" \/><\/figure>\r\n                                <div class=\"description\">\r\n                                    <div class=\"name\">Marcin<br>Sobolewski<br>&#8222;SOBOL&#8221;<\/div>\r\n                                    <div class=\"txt\">PLAN MANAGER<\/div>\r\n                                <\/div>\r\n                            <\/a>\r\n                        <\/div>\r\n\r\n\r\n\r\n                                    \r\n\r\n                        <div class=\"col-box\">\r\n                            <a  class=\"box-4\">\r\n                                <figure><img loading=\"lazy\" decoding=\"async\" width=\"450\" height=\"543\" src=\"https:\/\/kongocrew.pl\/wp-content\/uploads\/2024\/01\/gustaw-kopia.webp\" class=\"dp-img-responsive\" alt=\"\" srcset=\"https:\/\/kongocrew.pl\/wp-content\/uploads\/2024\/01\/gustaw-kopia.webp 450w, https:\/\/kongocrew.pl\/wp-content\/uploads\/2024\/01\/gustaw-kopia-249x300.webp 249w\" sizes=\"(max-width: 450px) 100vw, 450px\" \/><\/figure>\r\n                                <div class=\"description\">\r\n                                    <div class=\"name\">Piotr<br>Dziwulski<br>&#8222;GUSTAW&#8221;<\/div>\r\n                                    <div class=\"txt\">PLAN MANAGER<\/div>\r\n                                <\/div>\r\n                            <\/a>\r\n                        <\/div>\r\n\r\n\r\n\r\n                                    \r\n\r\n                                       \r\n                <\/div>\r\n            <\/div>\r\n\r\n\r\n        <\/div>\r\n    <\/div>\r\n\r\n\n\n\r\n\r\n\r\n\r\n\r\n\r\n\r\n\r\n\r\n    <div class=\"content-box-6 mb120\">\r\n        <div class=\"container\">\r\n\r\n            <div class=\"title-1 title-1-2\">\r\n                <h2>We worked<br>with BRANDS<\/h2>\r\n            <\/div>\r\n\r\n            <div class=\"partners-boxes\">\r\n                <div class=\"row-box\">\r\n\r\n\r\n\r\n                                    \r\n\r\n                        <div class=\"col-box\">\r\n                            <div class=\"partner-box\">\r\n                                <a><img decoding=\"async\" src=\"https:\/\/kongocrew.pl\/wp-content\/uploads\/2024\/01\/tvn.png\" alt=\"\"><\/a>\r\n                            <\/div>\r\n                        <\/div>\r\n\r\n                    \r\n\r\n                        <div class=\"col-box\">\r\n                            <div class=\"partner-box\">\r\n                                <a><img decoding=\"async\" src=\"https:\/\/kongocrew.pl\/wp-content\/uploads\/2024\/01\/eurosport.png\" alt=\"\"><\/a>\r\n                            <\/div>\r\n                        <\/div>\r\n\r\n                    \r\n\r\n                        <div class=\"col-box\">\r\n                            <div class=\"partner-box\">\r\n                                <a><img decoding=\"async\" src=\"https:\/\/kongocrew.pl\/wp-content\/uploads\/2024\/01\/KPRM.png\" alt=\"\"><\/a>\r\n                            <\/div>\r\n                        <\/div>\r\n\r\n                    \r\n\r\n                        <div class=\"col-box\">\r\n                            <div class=\"partner-box\">\r\n                                <a><img decoding=\"async\" src=\"https:\/\/kongocrew.pl\/wp-content\/uploads\/2024\/01\/mtv.png\" alt=\"\"><\/a>\r\n                            <\/div>\r\n                        <\/div>\r\n\r\n                    \r\n\r\n                        <div class=\"col-box\">\r\n                            <div class=\"partner-box\">\r\n                                <a><img decoding=\"async\" src=\"https:\/\/kongocrew.pl\/wp-content\/uploads\/2024\/01\/onet.png\" alt=\"\"><\/a>\r\n                            <\/div>\r\n                        <\/div>\r\n\r\n                    \r\n\r\n                        <div class=\"col-box\">\r\n                            <div class=\"partner-box\">\r\n                                <a><img decoding=\"async\" src=\"https:\/\/kongocrew.pl\/wp-content\/uploads\/2024\/01\/ORANGE-FE.png\" alt=\"\"><\/a>\r\n                            <\/div>\r\n                        <\/div>\r\n\r\n                    \r\n\r\n                        <div class=\"col-box\">\r\n                            <div class=\"partner-box\">\r\n                                <a><img decoding=\"async\" src=\"https:\/\/kongocrew.pl\/wp-content\/uploads\/2024\/01\/PFN.png\" alt=\"\"><\/a>\r\n                            <\/div>\r\n                        <\/div>\r\n\r\n                    \r\n\r\n                        <div class=\"col-box\">\r\n                            <div class=\"partner-box\">\r\n                                <a><img decoding=\"async\" src=\"https:\/\/kongocrew.pl\/wp-content\/uploads\/2024\/01\/PGE-N.png\" alt=\"\"><\/a>\r\n                            <\/div>\r\n                        <\/div>\r\n\r\n                    \r\n\r\n                        <div class=\"col-box\">\r\n                            <div class=\"partner-box\">\r\n                                <a><img decoding=\"async\" src=\"https:\/\/kongocrew.pl\/wp-content\/uploads\/2024\/01\/player.png\" alt=\"\"><\/a>\r\n                            <\/div>\r\n                        <\/div>\r\n\r\n                    \r\n\r\n                        <div class=\"col-box\">\r\n                            <div class=\"partner-box\">\r\n                                <a><img decoding=\"async\" src=\"https:\/\/kongocrew.pl\/wp-content\/uploads\/2024\/01\/polsat.png\" alt=\"\"><\/a>\r\n                            <\/div>\r\n                        <\/div>\r\n\r\n                    \r\n\r\n                        <div class=\"col-box\">\r\n                            <div class=\"partner-box\">\r\n                                <a><img decoding=\"async\" src=\"https:\/\/kongocrew.pl\/wp-content\/uploads\/2024\/01\/PZU.png\" alt=\"\"><\/a>\r\n                            <\/div>\r\n                        <\/div>\r\n\r\n                    \r\n\r\n                        <div class=\"col-box\">\r\n                            <div class=\"partner-box\">\r\n                                <a><img decoding=\"async\" src=\"https:\/\/kongocrew.pl\/wp-content\/uploads\/2024\/01\/red-bull.png\" alt=\"\"><\/a>\r\n                            <\/div>\r\n                        <\/div>\r\n\r\n                    \r\n\r\n                        <div class=\"col-box\">\r\n                            <div class=\"partner-box\">\r\n                                <a><img decoding=\"async\" src=\"https:\/\/kongocrew.pl\/wp-content\/uploads\/2024\/01\/RP.png\" alt=\"\"><\/a>\r\n                            <\/div>\r\n                        <\/div>\r\n\r\n                    \r\n\r\n                        <div class=\"col-box\">\r\n                            <div class=\"partner-box\">\r\n                                <a><img decoding=\"async\" src=\"https:\/\/kongocrew.pl\/wp-content\/uploads\/2024\/01\/Bank-Polski.png\" alt=\"\"><\/a>\r\n                            <\/div>\r\n                        <\/div>\r\n\r\n                    \r\n\r\n                        <div class=\"col-box\">\r\n                            <div class=\"partner-box\">\r\n                                <a><img decoding=\"async\" src=\"https:\/\/kongocrew.pl\/wp-content\/uploads\/2024\/01\/ttv.png\" alt=\"\"><\/a>\r\n                            <\/div>\r\n                        <\/div>\r\n\r\n                    \r\n\r\n                        <div class=\"col-box\">\r\n                            <div class=\"partner-box\">\r\n                                <a><img decoding=\"async\" src=\"https:\/\/kongocrew.pl\/wp-content\/uploads\/2024\/01\/tv-puls.png\" alt=\"\"><\/a>\r\n                            <\/div>\r\n                        <\/div>\r\n\r\n                    \r\n\r\n                        <div class=\"col-box\">\r\n                            <div class=\"partner-box\">\r\n                                <a><img decoding=\"async\" src=\"https:\/\/kongocrew.pl\/wp-content\/uploads\/2024\/01\/tvn-7.png\" alt=\"\"><\/a>\r\n                            <\/div>\r\n                        <\/div>\r\n\r\n                    \r\n\r\n                        <div class=\"col-box\">\r\n                            <div class=\"partner-box\">\r\n                                <a><img decoding=\"async\" src=\"https:\/\/kongocrew.pl\/wp-content\/uploads\/2024\/01\/tvn-24.png\" alt=\"\"><\/a>\r\n                            <\/div>\r\n                        <\/div>\r\n\r\n                    \r\n\r\n                        <div class=\"col-box\">\r\n                            <div class=\"partner-box\">\r\n                                <a><img decoding=\"async\" src=\"https:\/\/kongocrew.pl\/wp-content\/uploads\/2024\/01\/tvn-abc.png\" alt=\"\"><\/a>\r\n                            <\/div>\r\n                        <\/div>\r\n\r\n                    \r\n\r\n                        <div class=\"col-box\">\r\n                            <div class=\"partner-box\">\r\n                                <a><img decoding=\"async\" src=\"https:\/\/kongocrew.pl\/wp-content\/uploads\/2024\/01\/tvn-style.png\" alt=\"\"><\/a>\r\n                            <\/div>\r\n                        <\/div>\r\n\r\n                    \r\n\r\n                        <div class=\"col-box\">\r\n                            <div class=\"partner-box\">\r\n                                <a><img decoding=\"async\" src=\"https:\/\/kongocrew.pl\/wp-content\/uploads\/2024\/01\/tvn-turbo.png\" alt=\"\"><\/a>\r\n                            <\/div>\r\n                        <\/div>\r\n\r\n                    \r\n\r\n                        <div class=\"col-box\">\r\n                            <div class=\"partner-box\">\r\n                                <a><img decoding=\"async\" src=\"https:\/\/kongocrew.pl\/wp-content\/uploads\/2024\/01\/tvp-1.png\" alt=\"\"><\/a>\r\n                            <\/div>\r\n                        <\/div>\r\n\r\n                    \r\n\r\n                        <div class=\"col-box\">\r\n                            <div class=\"partner-box\">\r\n                                <a><img decoding=\"async\" src=\"https:\/\/kongocrew.pl\/wp-content\/uploads\/2024\/01\/tvp-2.png\" alt=\"\"><\/a>\r\n                            <\/div>\r\n                        <\/div>\r\n\r\n                    \r\n\r\n                        <div class=\"col-box\">\r\n                            <div class=\"partner-box\">\r\n                                <a><img decoding=\"async\" src=\"https:\/\/kongocrew.pl\/wp-content\/uploads\/2024\/01\/tvp-kultura.png\" alt=\"\"><\/a>\r\n                            <\/div>\r\n                        <\/div>\r\n\r\n                    \r\n\r\n                        <div class=\"col-box\">\r\n                            <div class=\"partner-box\">\r\n                                <a><img decoding=\"async\" src=\"https:\/\/kongocrew.pl\/wp-content\/uploads\/2024\/01\/tvp-polonia.png\" alt=\"\"><\/a>\r\n                            <\/div>\r\n                        <\/div>\r\n\r\n                    \r\n\r\n                        <div class=\"col-box\">\r\n                            <div class=\"partner-box\">\r\n                                <a><img decoding=\"async\" src=\"https:\/\/kongocrew.pl\/wp-content\/uploads\/2024\/01\/viva.png\" alt=\"\"><\/a>\r\n                            <\/div>\r\n                        <\/div>\r\n\r\n                    \r\n\r\n                        <div class=\"col-box\">\r\n                            <div class=\"partner-box\">\r\n                                <a><img decoding=\"async\" src=\"https:\/\/kongocrew.pl\/wp-content\/uploads\/2024\/01\/W-O-S-P.png\" alt=\"\"><\/a>\r\n                            <\/div>\r\n                        <\/div>\r\n\r\n                                    \r\n\r\n\r\n\r\n                <\/div>\r\n            <\/div>\r\n\r\n        <\/div>\r\n    <\/div>","protected":false},"excerpt":{"rendered":"","protected":false},"author":1,"featured_media":0,"parent":0,"menu_order":0,"comment_status":"closed","ping_status":"closed","template":"","meta":{"_acf_changed":false,"footnotes":""},"acf":[],"_links":{"self":[{"href":"https:\/\/kongocrew.pl\/en\/wp-json\/wp\/v2\/pages\/7"}],"collection":[{"href":"https:\/\/kongocrew.pl\/en\/wp-json\/wp\/v2\/pages"}],"about":[{"href":"https:\/\/kongocrew.pl\/en\/wp-json\/wp\/v2\/types\/page"}],"author":[{"embeddable":true,"href":"https:\/\/kongocrew.pl\/en\/wp-json\/wp\/v2\/users\/1"}],"replies":[{"embeddable":true,"href":"https:\/\/kongocrew.pl\/en\/wp-json\/wp\/v2\/comments?post=7"}],"version-history":[{"count":8,"href":"https:\/\/kongocrew.pl\/en\/wp-json\/wp\/v2\/pages\/7\/revisions"}],"predecessor-version":[{"id":369,"href":"https:\/\/kongocrew.pl\/en\/wp-json\/wp\/v2\/pages\/7\/revisions\/369"}],"wp:attachment":[{"href":"https:\/\/kongocrew.pl\/en\/wp-json\/wp\/v2\/media?parent=7"}],"curies":[{"name":"wp","href":"https:\/\/api.w.org\/{rel}","templated":true}]}}